{"id":30057,"date":"2021-09-06T14:11:36","date_gmt":"2021-09-06T14:11:36","guid":{"rendered":"http:\/\/adelsgatan48.se\/?page_id=30057"},"modified":"2024-06-04T08:59:31","modified_gmt":"2024-06-04T08:59:31","slug":"lagenhet-nr-8","status":"publish","type":"page","link":"https:\/\/adelsgatan48.se\/?page_id=30057","title":{"rendered":"L\u00e4genhet nr 8"},"content":{"rendered":"<p>[et_pb_section fb_built=&#8221;1&#8243; next_background_color=&#8221;rgba(0,0,0,0.5)&#8221; _builder_version=&#8221;3.0.47&#8243;][et_pb_row use_custom_width=&#8221;on&#8221; custom_width_px=&#8221;800&#8243; _builder_version=&#8221;3.19.14&#8243;][et_pb_column type=&#8221;4_4&#8243; _builder_version=&#8221;3.0.47&#8243;][et_pb_gallery gallery_ids=&#8221;30065,30071,30062,30060,30061,30063,30067,30068,30069&#8243; posts_number=&#8221;12&#8243; show_title_and_caption=&#8221;off&#8221; show_pagination=&#8221;off&#8221; _builder_version=&#8221;3.19.14&#8243;][\/et_pb_gallery][\/et_pb_column][\/et_pb_row][et_pb_row use_custom_width=&#8221;on&#8221; custom_width_px=&#8221;600&#8243; _builder_version=&#8221;3.19.14&#8243;][et_pb_column type=&#8221;4_4&#8243; _builder_version=&#8221;3.0.47&#8243;][et_pb_text _builder_version=&#8221;3.19.14&#8243;]<\/p>\n<h2>L\u00e4genhet nr 8 &#8211; 1 rum och k\u00f6k\u00a0<\/h2>\n<ul>\n<li>Toppmodern ca 40 kvm lgh i markplan.<\/li>\n<li>Ett sovrum med dubbels\u00e4ng.<\/li>\n<li>Fram\u00e5tb\u00e4ddad b\u00e4ddsoffa i vardagsrum.\u00a0<\/li>\n<li>Vikd\u00f6rrar ut mot innerg\u00e5rden med egen uteplats.\u00a0<\/li>\n<li>K\u00f6k med barstolar och utrustad med spis, ugn och micro mm.\u00a0<\/li>\n<\/ul>\n<div>\u00a0<\/div>\n<p><span style=\"color: #333333;\"><span style=\"font-size: 18px;\">S\u00e4ngkl\u00e4der\/Handdukar<br \/><\/span><\/span>G\u00e5r att hyra mot en extra avgift.<br \/><span style=\"color: #333333; font-size: 18px;\"><br \/><\/span><\/p>\n<p><span style=\"color: #333333; font-size: 18px;\">St\u00e4dning<br \/><\/span>Du st\u00e4dar sj\u00e4lv l\u00e4genheten innan utcheckning. Vill du inte st\u00e4da sj\u00e4lv s\u00e5 kan du k\u00f6pa till den tj\u00e4nsten.<\/p>\n<p><span style=\"color: #333333; font-size: 18px;\">V\u00e4lkommen att kontakta oss s\u00e5 ber\u00e4ttar vi mer!<\/span><\/p>\n<p><span style=\"color: #333333; font-size: 18px;\">\u00a0<\/span><\/p>\n<p>[\/et_pb_text][\/et_pb_column][\/et_pb_row][et_pb_row _builder_version=&#8221;3.19.14&#8243;][et_pb_column type=&#8221;4_4&#8243; _builder_version=&#8221;3.19.14&#8243;][et_pb_code _builder_version=&#8221;3.19.14&#8243;]<script async=\"\" data-form-id=\"aef35092f7235c2c\" src=\"https:\/\/secured.sirvoy.com\/widget\/sirvoy.js\"><\/script>[\/et_pb_code][\/et_pb_column][\/et_pb_row][\/et_pb_section][et_pb_section fb_built=&#8221;1&#8243; prev_background_color=&#8221;#ffffff&#8221; _builder_version=&#8221;3.19.14&#8243; background_color=&#8221;rgba(0,0,0,0.77)&#8221; custom_padding=&#8221;10px|0px|12px|0px|false|false&#8221; global_module=&#8221;258&#8243;][et_pb_row _builder_version=&#8221;3.0.48&#8243; background_size=&#8221;initial&#8221; background_position=&#8221;top_left&#8221; background_repeat=&#8221;repeat&#8221;][et_pb_column type=&#8221;1_4&#8243; _builder_version=&#8221;3.0.47&#8243;][et_pb_image src=&#8221;http:\/\/adelsgatan48.se\/wp-content\/uploads\/2019\/03\/Adelsgatan-Apartments-NEG-1.png&#8221; _builder_version=&#8221;3.19.14&#8243;][\/et_pb_image][\/et_pb_column][et_pb_column type=&#8221;1_4&#8243; _builder_version=&#8221;3.0.47&#8243;][et_pb_text _builder_version=&#8221;3.19.14&#8243; text_text_color=&#8221;#ffffff&#8221; header_text_color=&#8221;#ffffff&#8221; header_2_text_color=&#8221;#ffffff&#8221; header_4_text_color=&#8221;#ffffff&#8221; background_layout=&#8221;dark&#8221;]<\/p>\n<h2>Sidkarta<\/h2>\n<p>&nbsp;<\/p>\n<p>[\/et_pb_text][\/et_pb_column][et_pb_column type=&#8221;1_4&#8243; _builder_version=&#8221;3.0.47&#8243;][et_pb_text _builder_version=&#8221;3.19.14&#8243; text_text_color=&#8221;#ffffff&#8221; header_text_color=&#8221;#ffffff&#8221; header_2_text_color=&#8221;#ffffff&#8221; header_4_text_color=&#8221;#ffffff&#8221; background_layout=&#8221;dark&#8221;]<\/p>\n<h2>Kontakt<\/h2>\n<p><span style=\"color: #666666;\"><span style=\"caret-color: #666666; font-size: 14px;\"><a href=\"mailto:bokning@adelsgatan48.se\">bokning@adelsgatan48.se<\/a><br \/><\/span><\/span><\/p>\n<p>070-775 08 50<br \/>Adelsgatan 48 | 621 57 Visby<\/p>\n<p>[\/et_pb_text][\/et_pb_column][et_pb_column type=&#8221;1_4&#8243; _builder_version=&#8221;3.0.47&#8243;][et_pb_text _builder_version=&#8221;3.19.14&#8243; text_text_color=&#8221;#ffffff&#8221; header_text_color=&#8221;#ffffff&#8221; header_2_text_color=&#8221;#ffffff&#8221; header_4_text_color=&#8221;#ffffff&#8221; background_layout=&#8221;dark&#8221;]<\/p>\n<h2>F\u00f6lj oss<\/h2>\n<p>[\/et_pb_text][et_pb_social_media_follow _builder_version=&#8221;3.19.14&#8243; background_layout=&#8221;dark&#8221;][et_pb_social_media_follow_network social_network=&#8221;facebook&#8221; url=&#8221;https:\/\/www.facebook.com\/Adelsgatan48visby\/&#8221; _builder_version=&#8221;3.19.14&#8243; background_color=&#8221;rgba(153,153,153,0)&#8221; follow_button=&#8221;off&#8221; url_new_window=&#8221;on&#8221;]Facebook[\/et_pb_social_media_follow_network][et_pb_social_media_follow_network social_network=&#8221;instagram&#8221; url=&#8221;https:\/\/www.instagram.com\/adelsgatan48\/&#8221; _builder_version=&#8221;3.19.14&#8243; background_color=&#8221;rgba(234,234,234,0)&#8221; follow_button=&#8221;off&#8221; url_new_window=&#8221;on&#8221;]Instagram[\/et_pb_social_media_follow_network][\/et_pb_social_media_follow][\/et_pb_column][\/et_pb_row][\/et_pb_section]<\/p>\n","protected":false},"excerpt":{"rendered":"<p>L\u00e4genhet nr 8 &#8211; 1 rum och k\u00f6k\u00a0 Toppmodern ca 40 kvm lgh i markplan. Ett sovrum med dubbels\u00e4ng. Fram\u00e5tb\u00e4ddad b\u00e4ddsoffa i vardagsrum.\u00a0 Vikd\u00f6rrar ut mot innerg\u00e5rden med egen uteplats.\u00a0 K\u00f6k med barstolar och utrustad med spis, ugn och micro mm.\u00a0 \u00a0 S\u00e4ngkl\u00e4der\/HanddukarG\u00e5r att hyra mot en extra avgift. St\u00e4dningDu st\u00e4dar sj\u00e4lv l\u00e4genheten innan utcheckning. [&hellip;]<\/p>\n","protected":false},"author":1,"featured_media":0,"parent":0,"menu_order":0,"comment_status":"closed","ping_status":"closed","template":"","meta":{"_et_pb_use_builder":"on","_et_pb_old_content":"","_et_gb_content_width":"","footnotes":""},"class_list":["post-30057","page","type-page","status-publish","hentry"],"_links":{"self":[{"href":"https:\/\/adelsgatan48.se\/index.php?rest_route=\/wp\/v2\/pages\/30057","targetHints":{"allow":["GET"]}}],"collection":[{"href":"https:\/\/adelsgatan48.se\/index.php?rest_route=\/wp\/v2\/pages"}],"about":[{"href":"https:\/\/adelsgatan48.se\/index.php?rest_route=\/wp\/v2\/types\/page"}],"author":[{"embeddable":true,"href":"https:\/\/adelsgatan48.se\/index.php?rest_route=\/wp\/v2\/users\/1"}],"replies":[{"embeddable":true,"href":"https:\/\/adelsgatan48.se\/index.php?rest_route=%2Fwp%2Fv2%2Fcomments&post=30057"}],"version-history":[{"count":8,"href":"https:\/\/adelsgatan48.se\/index.php?rest_route=\/wp\/v2\/pages\/30057\/revisions"}],"predecessor-version":[{"id":30116,"href":"https:\/\/adelsgatan48.se\/index.php?rest_route=\/wp\/v2\/pages\/30057\/revisions\/30116"}],"wp:attachment":[{"href":"https:\/\/adelsgatan48.se\/index.php?rest_route=%2Fwp%2Fv2%2Fmedia&parent=30057"}],"curies":[{"name":"wp","href":"https:\/\/api.w.org\/{rel}","templated":true}]}}