{"id":83,"date":"2019-02-28T16:12:45","date_gmt":"2019-02-28T16:12:45","guid":{"rendered":"http:\/\/adelsgatan48.se\/?page_id=83"},"modified":"2025-01-15T12:29:27","modified_gmt":"2025-01-15T12:29:27","slug":"etagevaningen","status":"publish","type":"page","link":"https:\/\/adelsgatan48.se\/?page_id=83","title":{"rendered":"Etagev\u00e5ningen"},"content":{"rendered":"<p>[et_pb_section fb_built=&#8221;1&#8243; _builder_version=&#8221;4.16&#8243; global_colors_info=&#8221;{}&#8221;][et_pb_row _builder_version=&#8221;4.16&#8243; max_width=&#8221;800&#8243; use_custom_width=&#8221;on&#8221; custom_width_px=&#8221;800&#8243; global_colors_info=&#8221;{}&#8221;][et_pb_column type=&#8221;4_4&#8243; _builder_version=&#8221;4.16&#8243; custom_padding=&#8221;|||&#8221; global_colors_info=&#8221;{}&#8221; custom_padding__hover=&#8221;|||&#8221;][et_pb_gallery gallery_ids=&#8221;85,86,88,89,91,92,93,94,95,30166,30167,30168,30169,30170,30171,30172,30176,30178,30182,30184,30188,30190,30194,48,30192,30186,30189,30187,30174,30163,30160,30159,30158,30195,30165,30164,30175,30185,30177,30179,30180&#8243; posts_number=&#8221;70&#8243; show_title_and_caption=&#8221;off&#8221; show_pagination=&#8221;off&#8221; _builder_version=&#8221;4.27.4&#8243; hover_enabled=&#8221;0&#8243; global_colors_info=&#8221;{}&#8221; sticky_enabled=&#8221;0&#8243;][\/et_pb_gallery][\/et_pb_column][\/et_pb_row][et_pb_row _builder_version=&#8221;4.16&#8243; max_width=&#8221;600&#8243; use_custom_width=&#8221;on&#8221; custom_width_px=&#8221;600&#8243; global_colors_info=&#8221;{}&#8221;][et_pb_column type=&#8221;4_4&#8243; _builder_version=&#8221;4.16&#8243; custom_padding=&#8221;|||&#8221; global_colors_info=&#8221;{}&#8221; custom_padding__hover=&#8221;|||&#8221;][et_pb_text _builder_version=&#8221;4.16&#8243; global_colors_info=&#8221;{}&#8221;]<\/p>\n<h2>Etagev\u00e5ningen &#8211; 5 rum och k\u00f6k\u00a0<\/h2>\n<p>Unik modern etagev\u00e5ning med en fantastisk utsikt mot Adelsgatan med havsutsikt och v\u00e5ningen har \u00e4ven utsikt mot den gemensamma innerg\u00e5rden med utem\u00f6bler och grill som tillg\u00e5ng till. 4 stora sovrum med totalt 11 b\u00e4ddar. Modernt fullutrustat k\u00f6k med kaffebryggare, vattenkokare, kyl\/frys, ugn med inbyggd micro och 2 st vinkylare och det \u00e4r sittplatser f\u00f6r 12 personer. 2 badrum med wc\/dusch\/badkar och en g\u00e4sttoalett. <br \/>Tv\u00e4ttstapel och strykbr\u00e4da\/strykj\u00e4rn finns och aircondition p\u00e5 varje v\u00e5ningsplan.<br \/>Balkong ut mot Adelsgatan med loungegrupp d\u00e4r man njuter av kv\u00e4llssolen och<br \/>stadens vimmel. Wi-Fi ing\u00e5r<\/p>\n<p><span style=\"color: #333333;\"><span style=\"font-size: 18px;\">S\u00e4ngkl\u00e4der\/Handdukar<br \/><\/span><\/span>G\u00e5r att hyra mot en extra avgift.<br \/><span style=\"color: #333333; font-size: 18px;\"><br \/>St\u00e4dning<br \/><\/span>Du st\u00e4dar sj\u00e4lv l\u00e4genheten innan utcheckning. Vill du inte st\u00e4da sj\u00e4lv s\u00e5 kan du k\u00f6pa till den tj\u00e4nsten.<\/p>\n<p><span style=\"color: #333333; font-size: 18px;\">V\u00e4lkommen att kontakta oss s\u00e5 ber\u00e4ttar vi mer!<\/span><\/p>\n<p>&nbsp;<\/p>\n<p>[\/et_pb_text][\/et_pb_column][\/et_pb_row][et_pb_row _builder_version=&#8221;4.16&#8243; global_colors_info=&#8221;{}&#8221;][et_pb_column type=&#8221;4_4&#8243; _builder_version=&#8221;4.16&#8243; custom_padding=&#8221;|||&#8221; global_colors_info=&#8221;{}&#8221; custom_padding__hover=&#8221;|||&#8221;][et_pb_code _builder_version=&#8221;4.16&#8243; global_colors_info=&#8221;{}&#8221;]<script async=\"\" data-form-id=\"aef35092f7235c2c\" src=\"https:\/\/secured.sirvoy.com\/widget\/sirvoy.js\"><\/script>[\/et_pb_code][\/et_pb_column][\/et_pb_row][\/et_pb_section][et_pb_section fb_built=&#8221;1&#8243; _builder_version=&#8221;3.19.14&#8243; background_color=&#8221;rgba(0,0,0,0.77)&#8221; custom_padding=&#8221;10px|0px|12px|0px|false|false&#8221; global_module=&#8221;258&#8243; global_colors_info=&#8221;{}&#8221;][et_pb_row column_structure=&#8221;1_4,1_4,1_4,1_4&#8243; _builder_version=&#8221;4.16&#8243; background_size=&#8221;initial&#8221; background_position=&#8221;top_left&#8221; background_repeat=&#8221;repeat&#8221; global_colors_info=&#8221;{}&#8221;][et_pb_column type=&#8221;1_4&#8243; _builder_version=&#8221;4.16&#8243; custom_padding=&#8221;|||&#8221; global_colors_info=&#8221;{}&#8221; custom_padding__hover=&#8221;|||&#8221;][et_pb_image src=&#8221;http:\/\/adelsgatan48.se\/wp-content\/uploads\/2019\/03\/Adelsgatan-Apartments-NEG-1.png&#8221; align_tablet=&#8221;center&#8221; align_phone=&#8221;&#8221; align_last_edited=&#8221;on|desktop&#8221; _builder_version=&#8221;4.16&#8243; global_colors_info=&#8221;{}&#8221;][\/et_pb_image][\/et_pb_column][et_pb_column type=&#8221;1_4&#8243; _builder_version=&#8221;4.16&#8243; custom_padding=&#8221;|||&#8221; global_colors_info=&#8221;{}&#8221; custom_padding__hover=&#8221;|||&#8221;][et_pb_text _builder_version=&#8221;4.16&#8243; text_text_color=&#8221;#ffffff&#8221; header_text_color=&#8221;#ffffff&#8221; header_2_text_color=&#8221;#ffffff&#8221; header_4_text_color=&#8221;#ffffff&#8221; background_layout=&#8221;dark&#8221; global_colors_info=&#8221;{}&#8221;]<\/p>\n<h2>Sidkarta<\/h2>\n<p>&nbsp;<\/p>\n<p>[\/et_pb_text][\/et_pb_column][et_pb_column type=&#8221;1_4&#8243; _builder_version=&#8221;4.16&#8243; custom_padding=&#8221;|||&#8221; global_colors_info=&#8221;{}&#8221; custom_padding__hover=&#8221;|||&#8221;][et_pb_text _builder_version=&#8221;4.16&#8243; text_text_color=&#8221;#ffffff&#8221; header_text_color=&#8221;#ffffff&#8221; header_2_text_color=&#8221;#ffffff&#8221; header_4_text_color=&#8221;#ffffff&#8221; background_layout=&#8221;dark&#8221; global_colors_info=&#8221;{}&#8221;]<\/p>\n<h2>Kontakt<\/h2>\n<p><span style=\"color: #666666;\"><span style=\"caret-color: #666666; font-size: 14px;\"><a href=\"mailto:bokning@adelsgatan48.se\">bokning@adelsgatan48.se<\/a><br \/><\/span><\/span><\/p>\n<p>070-775 08 50<br \/>Adelsgatan 48 | 621 57 Visby<\/p>\n<p>[\/et_pb_text][\/et_pb_column][et_pb_column type=&#8221;1_4&#8243; _builder_version=&#8221;4.16&#8243; custom_padding=&#8221;|||&#8221; global_colors_info=&#8221;{}&#8221; custom_padding__hover=&#8221;|||&#8221;][et_pb_text _builder_version=&#8221;4.16&#8243; text_text_color=&#8221;#ffffff&#8221; header_text_color=&#8221;#ffffff&#8221; header_2_text_color=&#8221;#ffffff&#8221; header_4_text_color=&#8221;#ffffff&#8221; background_layout=&#8221;dark&#8221; global_colors_info=&#8221;{}&#8221;]<\/p>\n<h2>F\u00f6lj oss<\/h2>\n<p>[\/et_pb_text][et_pb_social_media_follow _builder_version=&#8221;4.16&#8243; background_layout=&#8221;dark&#8221; global_colors_info=&#8221;{}&#8221;][et_pb_social_media_follow_network social_network=&#8221;facebook&#8221; url=&#8221;https:\/\/www.facebook.com\/Adelsgatan48visby\/&#8221; _builder_version=&#8221;4.16&#8243; background_color=&#8221;rgba(153,153,153,0)&#8221; global_colors_info=&#8221;{}&#8221;]Facebook[\/et_pb_social_media_follow_network][et_pb_social_media_follow_network social_network=&#8221;instagram&#8221; url=&#8221;https:\/\/www.instagram.com\/adelsgatan48\/&#8221; _builder_version=&#8221;4.16&#8243; background_color=&#8221;rgba(234,234,234,0)&#8221; global_colors_info=&#8221;{}&#8221;]Instagram[\/et_pb_social_media_follow_network][\/et_pb_social_media_follow][\/et_pb_column][\/et_pb_row][\/et_pb_section]<\/p>\n","protected":false},"excerpt":{"rendered":"<p>Etagev\u00e5ningen &#8211; 5 rum och k\u00f6k\u00a0 Unik modern etagev\u00e5ning med en fantastisk utsikt mot Adelsgatan med havsutsikt och v\u00e5ningen har \u00e4ven utsikt mot den gemensamma innerg\u00e5rden med utem\u00f6bler och grill som tillg\u00e5ng till. 4 stora sovrum med totalt 11 b\u00e4ddar. Modernt fullutrustat k\u00f6k med kaffebryggare, vattenkokare, kyl\/frys, ugn med inbyggd micro och 2 st vinkylare [&hellip;]<\/p>\n","protected":false},"author":2,"featured_media":30195,"parent":0,"menu_order":0,"comment_status":"closed","ping_status":"closed","template":"","meta":{"_et_pb_use_builder":"on","_et_pb_old_content":"","_et_gb_content_width":"","footnotes":""},"class_list":["post-83","page","type-page","status-publish","has-post-thumbnail","hentry"],"_links":{"self":[{"href":"https:\/\/adelsgatan48.se\/index.php?rest_route=\/wp\/v2\/pages\/83","targetHints":{"allow":["GET"]}}],"collection":[{"href":"https:\/\/adelsgatan48.se\/index.php?rest_route=\/wp\/v2\/pages"}],"about":[{"href":"https:\/\/adelsgatan48.se\/index.php?rest_route=\/wp\/v2\/types\/page"}],"author":[{"embeddable":true,"href":"https:\/\/adelsgatan48.se\/index.php?rest_route=\/wp\/v2\/users\/2"}],"replies":[{"embeddable":true,"href":"https:\/\/adelsgatan48.se\/index.php?rest_route=%2Fwp%2Fv2%2Fcomments&post=83"}],"version-history":[{"count":53,"href":"https:\/\/adelsgatan48.se\/index.php?rest_route=\/wp\/v2\/pages\/83\/revisions"}],"predecessor-version":[{"id":30213,"href":"https:\/\/adelsgatan48.se\/index.php?rest_route=\/wp\/v2\/pages\/83\/revisions\/30213"}],"wp:featuredmedia":[{"embeddable":true,"href":"https:\/\/adelsgatan48.se\/index.php?rest_route=\/wp\/v2\/media\/30195"}],"wp:attachment":[{"href":"https:\/\/adelsgatan48.se\/index.php?rest_route=%2Fwp%2Fv2%2Fmedia&parent=83"}],"curies":[{"name":"wp","href":"https:\/\/api.w.org\/{rel}","templated":true}]}}